{"id":3925,"date":"2022-08-26T03:50:26","date_gmt":"2022-08-26T03:50:26","guid":{"rendered":"https:\/\/demosites.io\/real-estate-agency\/?page_id=3925"},"modified":"2023-06-22T23:11:45","modified_gmt":"2023-06-22T23:11:45","slug":"contacto","status":"publish","type":"page","link":"https:\/\/magosu.es\/gl\/contacto\/","title":{"rendered":"Contacto"},"content":{"rendered":"<div data-elementor-type=\"wp-page\" data-elementor-id=\"3925\" class=\"elementor elementor-3925\">\n\t\t\t\t\t\t\t\t\t<section class=\"elementor-section elementor-top-section elementor-element elementor-element-7a70616 elementor-section-boxed elementor-section-height-default elementor-section-height-default\" data-id=\"7a70616\" data-element_type=\"section\" data-settings=\"{&quot;background_background&quot;:&quot;classic&quot;}\">\n\t\t\t\t\t\t<div class=\"elementor-container elementor-column-gap-default\">\n\t\t\t\t\t<div class=\"elementor-column elementor-col-100 elementor-top-column elementor-element elementor-element-7901e1c\" data-id=\"7901e1c\" data-element_type=\"column\" data-settings=\"{&quot;background_background&quot;:&quot;classic&quot;}\">\n\t\t\t<div class=\"elementor-widget-wrap elementor-element-populated\">\n\t\t\t\t\t\t\t\t<section class=\"elementor-section elementor-inner-section elementor-element elementor-element-e9880fa elementor-section-content-top elementor-reverse-mobile elementor-section-boxed elementor-section-height-default elementor-section-height-default\" data-id=\"e9880fa\" data-element_type=\"section\">\n\t\t\t\t\t\t<div class=\"elementor-container elementor-column-gap-extended\">\n\t\t\t\t\t<div class=\"elementor-column elementor-col-50 elementor-inner-column elementor-element elementor-element-80dced3\" data-id=\"80dced3\" data-element_type=\"column\" data-settings=\"{&quot;background_background&quot;:&quot;classic&quot;}\">\n\t\t\t<div class=\"elementor-widget-wrap elementor-element-populated\">\n\t\t\t\t\t\t\t\t<div class=\"elementor-element elementor-element-02ed21b elementor-widget elementor-widget-spacer\" data-id=\"02ed21b\" data-element_type=\"widget\" data-widget_type=\"spacer.default\">\n\t\t\t\t<div class=\"elementor-widget-container\">\n\t\t\t<style>\/*! elementor - v3.14.0 - 18-06-2023 *\/\n.elementor-column .elementor-spacer-inner{height:var(--spacer-size)}.e-con{--container-widget-width:100%}.e-con-inner>.elementor-widget-spacer,.e-con>.elementor-widget-spacer{width:var(--container-widget-width,var(--spacer-size));--align-self:var(--container-widget-align-self,initial);--flex-shrink:0}.e-con-inner>.elementor-widget-spacer>.elementor-widget-container,.e-con-inner>.elementor-widget-spacer>.elementor-widget-container>.elementor-spacer,.e-con>.elementor-widget-spacer>.elementor-widget-container,.e-con>.elementor-widget-spacer>.elementor-widget-container>.elementor-spacer{height:100%}.e-con-inner>.elementor-widget-spacer>.elementor-widget-container>.elementor-spacer>.elementor-spacer-inner,.e-con>.elementor-widget-spacer>.elementor-widget-container>.elementor-spacer>.elementor-spacer-inner{height:var(--container-widget-height,var(--spacer-size))}<\/style>\t\t<div class=\"elementor-spacer\">\n\t\t\t<div class=\"elementor-spacer-inner\"><\/div>\n\t\t<\/div>\n\t\t\t\t<\/div>\n\t\t\t\t<\/div>\n\t\t\t\t<div class=\"elementor-element elementor-element-94a7722 elementor-view-default elementor-mobile-position-top elementor-vertical-align-top elementor-widget elementor-widget-icon-box\" data-id=\"94a7722\" data-element_type=\"widget\" data-widget_type=\"icon-box.default\">\n\t\t\t\t<div class=\"elementor-widget-container\">\n\t\t\t<link rel=\"stylesheet\" href=\"http:\/\/magosu.es\/wp-content\/plugins\/elementor\/assets\/css\/widget-icon-box.min.css\">\t\t<div class=\"elementor-icon-box-wrapper\">\n\t\t\t\t\t\t<div class=\"elementor-icon-box-icon\">\n\t\t\t\t<span class=\"elementor-icon elementor-animation-\" >\n\t\t\t\t\t\t\t\t<\/span>\n\t\t\t<\/div>\n\t\t\t\t\t\t<div class=\"elementor-icon-box-content\">\n\t\t\t\t<h3 class=\"elementor-icon-box-title\">\n\t\t\t\t\t<span  >\n\t\t\t\t\t\tCh\u00e1manos\t\t\t\t\t<\/span>\n\t\t\t\t<\/h3>\n\t\t\t\t\t\t\t\t\t<p class=\"elementor-icon-box-description\">\n\t\t\t\t\t\t981885769\n629174644\t\t\t\t\t<\/p>\n\t\t\t\t\t\t\t<\/div>\n\t\t<\/div>\n\t\t\t\t<\/div>\n\t\t\t\t<\/div>\n\t\t\t\t\t<\/div>\n\t\t<\/div>\n\t\t\t\t<div class=\"elementor-column elementor-col-50 elementor-inner-column elementor-element elementor-element-7993b11\" data-id=\"7993b11\" data-element_type=\"column\" data-settings=\"{&quot;background_background&quot;:&quot;classic&quot;}\">\n\t\t\t<div class=\"elementor-widget-wrap elementor-element-populated\">\n\t\t\t\t\t\t\t\t<div class=\"elementor-element elementor-element-913fe78 elementor-widget elementor-widget-spacer\" data-id=\"913fe78\" data-element_type=\"widget\" data-widget_type=\"spacer.default\">\n\t\t\t\t<div class=\"elementor-widget-container\">\n\t\t\t\t\t<div class=\"elementor-spacer\">\n\t\t\t<div class=\"elementor-spacer-inner\"><\/div>\n\t\t<\/div>\n\t\t\t\t<\/div>\n\t\t\t\t<\/div>\n\t\t\t\t<div class=\"elementor-element elementor-element-50c7d17 elementor-view-default elementor-mobile-position-top elementor-vertical-align-top elementor-widget elementor-widget-icon-box\" data-id=\"50c7d17\" data-element_type=\"widget\" data-widget_type=\"icon-box.default\">\n\t\t\t\t<div class=\"elementor-widget-container\">\n\t\t\t\t\t<div class=\"elementor-icon-box-wrapper\">\n\t\t\t\t\t\t<div class=\"elementor-icon-box-icon\">\n\t\t\t\t<span class=\"elementor-icon elementor-animation-\" >\n\t\t\t\t\t\t\t\t<\/span>\n\t\t\t<\/div>\n\t\t\t\t\t\t<div class=\"elementor-icon-box-content\">\n\t\t\t\t<h3 class=\"elementor-icon-box-title\">\n\t\t\t\t\t<span  >\n\t\t\t\t\t\tPor email\t\t\t\t\t<\/span>\n\t\t\t\t<\/h3>\n\t\t\t\t\t\t\t\t\t<p class=\"elementor-icon-box-description\">\n\t\t\t\t\t\tmagosu2017@gmail.com\t\t\t\t\t<\/p>\n\t\t\t\t\t\t\t<\/div>\n\t\t<\/div>\n\t\t\t\t<\/div>\n\t\t\t\t<\/div>\n\t\t\t\t\t<\/div>\n\t\t<\/div>\n\t\t\t\t\t\t\t<\/div>\n\t\t<\/section>\n\t\t\t\t\t<\/div>\n\t\t<\/div>\n\t\t\t\t\t\t\t<\/div>\n\t\t<\/section>\n\t\t\t\t\t\t\t<\/div>","protected":false},"excerpt":{"rendered":"<p>Ll\u00e1manos 981885769 629174644 Por email magosu2017@gmail.com<\/p>","protected":false},"author":1,"featured_media":0,"parent":0,"menu_order":2,"comment_status":"closed","ping_status":"closed","template":"page-templates\/template-pagebuilder-full-width.php","meta":{"neve_meta_sidebar":"","neve_meta_container":"","neve_meta_enable_content_width":"","neve_meta_content_width":0,"neve_meta_title_alignment":"","neve_meta_author_avatar":"","neve_post_elements_order":"","neve_meta_disable_header":"","neve_meta_disable_footer":"","neve_meta_disable_title":"","neve_meta_reading_time":"","_ti_tpc_template_sync":false,"_ti_tpc_template_id":"torrn5gwdppdmy94r8om","footnotes":""},"yoast_head":"<!-- This site is optimized with the Yoast SEO plugin v20.9 - https:\/\/yoast.com\/wordpress\/plugins\/seo\/ -->\n<title>Contacto - Magosu<\/title>\n<meta name=\"description\" content=\"Artesan\u00eda en madera, donde la destreza con la madera se fusiona con la pasi\u00f3n por el detalle. Carpinter\u00eda de calidad en madera.\" \/>\n<meta name=\"robots\" content=\"index, follow, max-snippet:-1, max-image-preview:large, max-video-preview:-1\" \/>\n<link rel=\"canonical\" href=\"https:\/\/magosu.es\/gl\/contacto\/\" \/>\n<meta property=\"og:locale\" content=\"gl_ES\" \/>\n<meta property=\"og:type\" content=\"article\" \/>\n<meta property=\"og:title\" content=\"Contacto - Magosu\" \/>\n<meta property=\"og:description\" content=\"Artesan\u00eda en madera, donde la destreza con la madera se fusiona con la pasi\u00f3n por el detalle. Carpinter\u00eda de calidad en madera.\" \/>\n<meta property=\"og:url\" content=\"https:\/\/magosu.es\/gl\/contacto\/\" \/>\n<meta property=\"og:site_name\" content=\"Magosu\" \/>\n<meta property=\"article:modified_time\" content=\"2023-06-22T23:11:45+00:00\" \/>\n<meta name=\"twitter:card\" content=\"summary_large_image\" \/>\n<meta name=\"twitter:label1\" content=\"Tempo de lectura\" \/>\n\t<meta name=\"twitter:data1\" content=\"1 minuto\" \/>\n<script type=\"application\/ld+json\" class=\"yoast-schema-graph\">{\"@context\":\"https:\/\/schema.org\",\"@graph\":[{\"@type\":\"WebPage\",\"@id\":\"https:\/\/magosu.es\/gl\/contacto\/\",\"url\":\"https:\/\/magosu.es\/gl\/contacto\/\",\"name\":\"Contacto - Magosu\",\"isPartOf\":{\"@id\":\"https:\/\/magosu.es\/gl\/#website\"},\"datePublished\":\"2022-08-26T03:50:26+00:00\",\"dateModified\":\"2023-06-22T23:11:45+00:00\",\"description\":\"Artesan\u00eda en madera, donde la destreza con la madera se fusiona con la pasi\u00f3n por el detalle. Carpinter\u00eda de calidad en madera.\",\"breadcrumb\":{\"@id\":\"https:\/\/magosu.es\/gl\/contacto\/#breadcrumb\"},\"inLanguage\":\"gl-ES\",\"potentialAction\":[{\"@type\":\"ReadAction\",\"target\":[\"https:\/\/magosu.es\/gl\/contacto\/\"]}]},{\"@type\":\"BreadcrumbList\",\"@id\":\"https:\/\/magosu.es\/gl\/contacto\/#breadcrumb\",\"itemListElement\":[{\"@type\":\"ListItem\",\"position\":1,\"name\":\"Portada\",\"item\":\"https:\/\/magosu.es\/gl\/\"},{\"@type\":\"ListItem\",\"position\":2,\"name\":\"Contacto\"}]},{\"@type\":\"WebSite\",\"@id\":\"https:\/\/magosu.es\/gl\/#website\",\"url\":\"https:\/\/magosu.es\/gl\/\",\"name\":\"Magosu\",\"description\":\"Magosu\",\"publisher\":{\"@id\":\"https:\/\/magosu.es\/gl\/#organization\"},\"potentialAction\":[{\"@type\":\"SearchAction\",\"target\":{\"@type\":\"EntryPoint\",\"urlTemplate\":\"https:\/\/magosu.es\/gl\/?s={search_term_string}\"},\"query-input\":\"required name=search_term_string\"}],\"inLanguage\":\"gl-ES\"},{\"@type\":\"Organization\",\"@id\":\"https:\/\/magosu.es\/gl\/#organization\",\"name\":\"Magosu 2017 S.L.\",\"url\":\"https:\/\/magosu.es\/gl\/\",\"logo\":{\"@type\":\"ImageObject\",\"inLanguage\":\"gl-ES\",\"@id\":\"https:\/\/magosu.es\/gl\/#\/schema\/logo\/image\/\",\"url\":\"http:\/\/magosu.es\/wp-content\/uploads\/2023\/06\/logo-magosu.png\",\"contentUrl\":\"http:\/\/magosu.es\/wp-content\/uploads\/2023\/06\/logo-magosu.png\",\"width\":513,\"height\":138,\"caption\":\"Magosu 2017 S.L.\"},\"image\":{\"@id\":\"https:\/\/magosu.es\/gl\/#\/schema\/logo\/image\/\"}}]}<\/script>\n<!-- \/ Yoast SEO plugin. -->","yoast_head_json":{"title":"Contacto - Magosu","description":"Artesan\u00eda en madera, donde la destreza con la madera se fusiona con la pasi\u00f3n por el detalle. Carpinter\u00eda de calidad en madera.","robots":{"index":"index","follow":"follow","max-snippet":"max-snippet:-1","max-image-preview":"max-image-preview:large","max-video-preview":"max-video-preview:-1"},"canonical":"https:\/\/magosu.es\/gl\/contacto\/","og_locale":"gl_ES","og_type":"article","og_title":"Contacto - Magosu","og_description":"Artesan\u00eda en madera, donde la destreza con la madera se fusiona con la pasi\u00f3n por el detalle. Carpinter\u00eda de calidad en madera.","og_url":"https:\/\/magosu.es\/gl\/contacto\/","og_site_name":"Magosu","article_modified_time":"2023-06-22T23:11:45+00:00","twitter_card":"summary_large_image","twitter_misc":{"Tempo de lectura":"1 minuto"},"schema":{"@context":"https:\/\/schema.org","@graph":[{"@type":"WebPage","@id":"https:\/\/magosu.es\/gl\/contacto\/","url":"https:\/\/magosu.es\/gl\/contacto\/","name":"Contacto - Magosu","isPartOf":{"@id":"https:\/\/magosu.es\/gl\/#website"},"datePublished":"2022-08-26T03:50:26+00:00","dateModified":"2023-06-22T23:11:45+00:00","description":"Artesan\u00eda en madera, donde la destreza con la madera se fusiona con la pasi\u00f3n por el detalle. Carpinter\u00eda de calidad en madera.","breadcrumb":{"@id":"https:\/\/magosu.es\/gl\/contacto\/#breadcrumb"},"inLanguage":"gl-ES","potentialAction":[{"@type":"ReadAction","target":["https:\/\/magosu.es\/gl\/contacto\/"]}]},{"@type":"BreadcrumbList","@id":"https:\/\/magosu.es\/gl\/contacto\/#breadcrumb","itemListElement":[{"@type":"ListItem","position":1,"name":"Portada","item":"https:\/\/magosu.es\/gl\/"},{"@type":"ListItem","position":2,"name":"Contacto"}]},{"@type":"WebSite","@id":"https:\/\/magosu.es\/gl\/#website","url":"https:\/\/magosu.es\/gl\/","name":"Magosu","description":"Magosu","publisher":{"@id":"https:\/\/magosu.es\/gl\/#organization"},"potentialAction":[{"@type":"SearchAction","target":{"@type":"EntryPoint","urlTemplate":"https:\/\/magosu.es\/gl\/?s={search_term_string}"},"query-input":"required name=search_term_string"}],"inLanguage":"gl-ES"},{"@type":"Organization","@id":"https:\/\/magosu.es\/gl\/#organization","name":"Magosu 2017 S.L.","url":"https:\/\/magosu.es\/gl\/","logo":{"@type":"ImageObject","inLanguage":"gl-ES","@id":"https:\/\/magosu.es\/gl\/#\/schema\/logo\/image\/","url":"http:\/\/magosu.es\/wp-content\/uploads\/2023\/06\/logo-magosu.png","contentUrl":"http:\/\/magosu.es\/wp-content\/uploads\/2023\/06\/logo-magosu.png","width":513,"height":138,"caption":"Magosu 2017 S.L."},"image":{"@id":"https:\/\/magosu.es\/gl\/#\/schema\/logo\/image\/"}}]}},"_links":{"self":[{"href":"https:\/\/magosu.es\/gl\/wp-json\/wp\/v2\/pages\/3925"}],"collection":[{"href":"https:\/\/magosu.es\/gl\/wp-json\/wp\/v2\/pages"}],"about":[{"href":"https:\/\/magosu.es\/gl\/wp-json\/wp\/v2\/types\/page"}],"author":[{"embeddable":true,"href":"https:\/\/magosu.es\/gl\/wp-json\/wp\/v2\/users\/1"}],"replies":[{"embeddable":true,"href":"https:\/\/magosu.es\/gl\/wp-json\/wp\/v2\/comments?post=3925"}],"version-history":[{"count":50,"href":"https:\/\/magosu.es\/gl\/wp-json\/wp\/v2\/pages\/3925\/revisions"}],"predecessor-version":[{"id":4226,"href":"https:\/\/magosu.es\/gl\/wp-json\/wp\/v2\/pages\/3925\/revisions\/4226"}],"wp:attachment":[{"href":"https:\/\/magosu.es\/gl\/wp-json\/wp\/v2\/media?parent=3925"}],"curies":[{"name":"wp","href":"https:\/\/api.w.org\/{rel}","templated":true}]}}