{"id":3921,"date":"2022-08-26T03:18:45","date_gmt":"2022-08-26T03:18:45","guid":{"rendered":"https:\/\/demosites.io\/real-estate-agency\/?page_id=3921"},"modified":"2023-06-22T23:13:53","modified_gmt":"2023-06-22T23:13:53","slug":"sobre-nosotros","status":"publish","type":"page","link":"https:\/\/magosu.es\/gl\/sobre-nosotros\/","title":{"rendered":"Sobre n\u00f3s"},"content":{"rendered":"<div data-elementor-type=\"wp-page\" data-elementor-id=\"3921\" class=\"elementor elementor-3921\">\n\t\t\t\t\t\t\t\t\t<section class=\"elementor-section elementor-top-section elementor-element elementor-element-8c464f5 elementor-section-boxed elementor-section-height-default elementor-section-height-default\" data-id=\"8c464f5\" data-element_type=\"section\" data-settings=\"{&quot;background_background&quot;:&quot;classic&quot;}\">\n\t\t\t\t\t\t\t<div class=\"elementor-background-overlay\"><\/div>\n\t\t\t\t\t\t\t<div class=\"elementor-container elementor-column-gap-default\">\n\t\t\t\t\t<div class=\"elementor-column elementor-col-100 elementor-top-column elementor-element elementor-element-0f52457\" data-id=\"0f52457\" data-element_type=\"column\">\n\t\t\t<div class=\"elementor-widget-wrap elementor-element-populated\">\n\t\t\t\t\t\t\t\t<section class=\"elementor-section elementor-inner-section elementor-element elementor-element-d123eca elementor-section-boxed elementor-section-height-default elementor-section-height-default\" data-id=\"d123eca\" data-element_type=\"section\">\n\t\t\t\t\t\t<div class=\"elementor-container elementor-column-gap-default\">\n\t\t\t\t\t<div class=\"elementor-column elementor-col-100 elementor-inner-column elementor-element elementor-element-a2821cf\" data-id=\"a2821cf\" data-element_type=\"column\">\n\t\t\t<div class=\"elementor-widget-wrap elementor-element-populated\">\n\t\t\t\t\t\t\t\t<div class=\"elementor-element elementor-element-5c96df7 elementor-widget elementor-widget-heading\" data-id=\"5c96df7\" data-element_type=\"widget\" data-widget_type=\"heading.default\">\n\t\t\t\t<div class=\"elementor-widget-container\">\n\t\t\t<style>\/*! elementor - v3.14.0 - 18-06-2023 *\/\n.elementor-heading-title{padding:0;margin:0;line-height:1}.elementor-widget-heading .elementor-heading-title[class*=elementor-size-]>a{color:inherit;font-size:inherit;line-height:inherit}.elementor-widget-heading .elementor-heading-title.elementor-size-small{font-size:15px}.elementor-widget-heading .elementor-heading-title.elementor-size-medium{font-size:19px}.elementor-widget-heading .elementor-heading-title.elementor-size-large{font-size:29px}.elementor-widget-heading .elementor-heading-title.elementor-size-xl{font-size:39px}.elementor-widget-heading .elementor-heading-title.elementor-size-xxl{font-size:59px}<\/style><h2 class=\"elementor-heading-title elementor-size-default\">Carpinter\u00eda de calidade<\/h2>\t\t<\/div>\n\t\t\t\t<\/div>\n\t\t\t\t<div class=\"elementor-element elementor-element-a0e3402 elementor-widget elementor-widget-text-editor\" data-id=\"a0e3402\" data-element_type=\"widget\" data-widget_type=\"text-editor.default\">\n\t\t\t\t<div class=\"elementor-widget-container\">\n\t\t\t<style>\/*! elementor - v3.14.0 - 18-06-2023 *\/\n.elementor-widget-text-editor.elementor-drop-cap-view-stacked .elementor-drop-cap{background-color:#69727d;color:#fff}.elementor-widget-text-editor.elementor-drop-cap-view-framed .elementor-drop-cap{color:#69727d;border:3px solid;background-color:transparent}.elementor-widget-text-editor:not(.elementor-drop-cap-view-default) .elementor-drop-cap{margin-top:8px}.elementor-widget-text-editor:not(.elementor-drop-cap-view-default) .elementor-drop-cap-letter{width:1em;height:1em}.elementor-widget-text-editor .elementor-drop-cap{float:left;text-align:center;line-height:1;font-size:50px}.elementor-widget-text-editor .elementor-drop-cap-letter{display:inline-block}<\/style>\t\t\t\t<p><span style=\"color: #374151; font-family: S\u00f6hne, ui-sans-serif, system-ui, -apple-system, 'Segoe UI', Roboto, Ubuntu, Cantarell, 'Noto Sans', sans-serif, 'Helvetica Neue', Arial, 'Apple Color Emoji', 'Segoe UI Emoji', 'Segoe UI Symbol', 'Noto Color Emoji'; font-size: 16px; text-align: start; white-space-collapse: preserve; background-color: #f7f7f8;\">Onde a destraza da madeira se fusiona coa paix\u00f3n polo detalle, nace a excelencia en cada creaci\u00f3n, deixando marca duradeira en cada espazo.<\/span><\/p>\t\t\t\t\t\t<\/div>\n\t\t\t\t<\/div>\n\t\t\t\t<div class=\"elementor-element elementor-element-640dc2e elementor-arrows-position-inside elementor-pagination-position-outside elementor-widget elementor-widget-image-carousel\" data-id=\"640dc2e\" data-element_type=\"widget\" data-settings=\"{&quot;slides_to_show&quot;:&quot;1&quot;,&quot;navigation&quot;:&quot;both&quot;,&quot;autoplay&quot;:&quot;yes&quot;,&quot;pause_on_hover&quot;:&quot;yes&quot;,&quot;pause_on_interaction&quot;:&quot;yes&quot;,&quot;autoplay_speed&quot;:5000,&quot;infinite&quot;:&quot;yes&quot;,&quot;effect&quot;:&quot;slide&quot;,&quot;speed&quot;:500}\" data-widget_type=\"image-carousel.default\">\n\t\t\t\t<div class=\"elementor-widget-container\">\n\t\t\t<style>\/*! elementor - v3.14.0 - 18-06-2023 *\/\n.elementor-widget-image-carousel .swiper,.elementor-widget-image-carousel .swiper-container{position:static}.elementor-widget-image-carousel .swiper-container .swiper-slide figure,.elementor-widget-image-carousel .swiper .swiper-slide figure{line-height:inherit}.elementor-widget-image-carousel .swiper-slide{text-align:center}.elementor-image-carousel-wrapper:not(.swiper-container-initialized):not(.swiper-initialized) .swiper-slide{max-width:calc(100% \/ var(--e-image-carousel-slides-to-show, 3))}<\/style>\t\t<div class=\"elementor-image-carousel-wrapper swiper\" dir=\"ltr\">\n\t\t\t<div class=\"elementor-image-carousel swiper-wrapper\" aria-live=\"off\">\n\t\t\t\t\t\t\t\t<div class=\"swiper-slide\" role=\"group\" aria-roledescription=\"slide\" aria-label=\"1 de 7\"><figure class=\"swiper-slide-inner\"><img decoding=\"async\" class=\"swiper-slide-image\" src=\"https:\/\/magosu.es\/wp-content\/uploads\/elementor\/thumbs\/69414933-01a4-4fde-8a5d-88ef32216169-q8azj45s0z4ys6qgib9kyn5eekxpfa00zqx8wcvqrk.jpg\" alt=\"Puertas\" \/><\/figure><\/div><div class=\"swiper-slide\" role=\"group\" aria-roledescription=\"slide\" aria-label=\"2 de 7\"><figure class=\"swiper-slide-inner\"><img decoding=\"async\" class=\"swiper-slide-image\" src=\"https:\/\/magosu.es\/wp-content\/uploads\/elementor\/thumbs\/IMG_20201104_172709-q8azj61gen7jfenq7c2u3moblcofuo7ho087uwsyf4.jpg\" alt=\"Mueble tienda\" \/><\/figure><\/div><div class=\"swiper-slide\" role=\"group\" aria-roledescription=\"slide\" aria-label=\"3 de 7\"><figure class=\"swiper-slide-inner\"><img decoding=\"async\" class=\"swiper-slide-image\" src=\"https:\/\/magosu.es\/wp-content\/uploads\/elementor\/thumbs\/IMG_20210422_162751-q8azj6zalh8tr0md1uhgo4fs6qjt2db804vpc6rk8w.jpg\" alt=\"Mueble iglesia\" \/><\/figure><\/div><div class=\"swiper-slide\" role=\"group\" aria-roledescription=\"slide\" aria-label=\"4 de 7\"><figure class=\"swiper-slide-inner\"><img decoding=\"async\" class=\"swiper-slide-image\" src=\"https:\/\/magosu.es\/wp-content\/uploads\/elementor\/thumbs\/IMG-20210504-WA0014-q8azj7x4sba42mkzwcw38m78s4f6a2eyc9j6tgq62o.jpg\" alt=\"Mueble iglesia\" \/><\/figure><\/div><div class=\"swiper-slide\" role=\"group\" aria-roledescription=\"slide\" aria-label=\"5 de 7\"><figure class=\"swiper-slide-inner\"><img decoding=\"async\" class=\"swiper-slide-image\" src=\"https:\/\/magosu.es\/wp-content\/uploads\/elementor\/thumbs\/IMG-20211025-WA0005-q8azj8uyz5bee8jmqvapt3ypdiajhriooe6oaqorwg.jpg\" alt=\"H\u00f3rreo\" \/><\/figure><\/div><div class=\"swiper-slide\" role=\"group\" aria-roledescription=\"slide\" aria-label=\"6 de 7\"><figure class=\"swiper-slide-inner\"><img decoding=\"async\" class=\"swiper-slide-image\" src=\"https:\/\/magosu.es\/wp-content\/uploads\/elementor\/thumbs\/IMG-20220216-WA0007-q8azjaqnctdz1ggwfw3yy3hmka19x5q5cnhn9alzk0.jpg\" alt=\"Armario empotrado\" \/><\/figure><\/div><div class=\"swiper-slide\" role=\"group\" aria-roledescription=\"slide\" aria-label=\"7 de 7\"><figure class=\"swiper-slide-inner\"><img decoding=\"async\" class=\"swiper-slide-image\" src=\"https:\/\/magosu.es\/wp-content\/uploads\/elementor\/thumbs\/IMG-20220224-WA0004-q8azjaqnctdz1ggwfw3yy3hmka19x5q5cnhn9alzk0.jpg\" alt=\"Porche\" \/><\/figure><\/div>\t\t\t<\/div>\n\t\t\t\t\t\t\t\t\t\t\t\t<div class=\"elementor-swiper-button elementor-swiper-button-prev\" role=\"button\" tabindex=\"0\">\n\t\t\t\t\t\t<i aria-hidden=\"true\" class=\"eicon-chevron-left\"><\/i>\t\t\t\t\t<\/div>\n\t\t\t\t\t<div class=\"elementor-swiper-button elementor-swiper-button-next\" role=\"button\" tabindex=\"0\">\n\t\t\t\t\t\t<i aria-hidden=\"true\" class=\"eicon-chevron-right\"><\/i>\t\t\t\t\t<\/div>\n\t\t\t\t\n\t\t\t\t\t\t\t\t\t<div class=\"swiper-pagination\"><\/div>\n\t\t\t\t\t\t\t\t\t<\/div>\n\t\t\t\t<\/div>\n\t\t\t\t<\/div>\n\t\t\t\t\t<\/div>\n\t\t<\/div>\n\t\t\t\t\t\t\t<\/div>\n\t\t<\/section>\n\t\t\t\t\t<\/div>\n\t\t<\/div>\n\t\t\t\t\t\t\t<\/div>\n\t\t<\/section>\n\t\t\t\t<section class=\"elementor-section elementor-top-section elementor-element elementor-element-86cf1d0 elementor-section-content-middle elementor-section-boxed elementor-section-height-default elementor-section-height-default\" data-id=\"86cf1d0\" data-element_type=\"section\" data-settings=\"{&quot;background_background&quot;:&quot;classic&quot;}\">\n\t\t\t\t\t\t<div class=\"elementor-container elementor-column-gap-default\">\n\t\t\t\t\t<div class=\"elementor-column elementor-col-50 elementor-top-column elementor-element elementor-element-52c2377\" data-id=\"52c2377\" data-element_type=\"column\" data-settings=\"{&quot;background_background&quot;:&quot;classic&quot;}\">\n\t\t\t<div class=\"elementor-widget-wrap elementor-element-populated\">\n\t\t\t\t\t\t\t\t<div class=\"elementor-element elementor-element-fde7d65 elementor-widget elementor-widget-heading\" data-id=\"fde7d65\" data-element_type=\"widget\" data-widget_type=\"heading.default\">\n\t\t\t\t<div class=\"elementor-widget-container\">\n\t\t\t<h2 class=\"elementor-heading-title elementor-size-default\">Colocaci\u00f3n de chans<\/h2>\t\t<\/div>\n\t\t\t\t<\/div>\n\t\t\t\t<div class=\"elementor-element elementor-element-3219eb0 elementor-widget elementor-widget-heading\" data-id=\"3219eb0\" data-element_type=\"widget\" data-widget_type=\"heading.default\">\n\t\t\t\t<div class=\"elementor-widget-container\">\n\t\t\t<h2 class=\"elementor-heading-title elementor-size-default\">Mobles de ba\u00f1o<\/h2>\t\t<\/div>\n\t\t\t\t<\/div>\n\t\t\t\t<div class=\"elementor-element elementor-element-ab8226f elementor-widget__width-initial elementor-widget elementor-widget-heading\" data-id=\"ab8226f\" data-element_type=\"widget\" data-widget_type=\"heading.default\">\n\t\t\t\t<div class=\"elementor-widget-container\">\n\t\t\t<h2 class=\"elementor-heading-title elementor-size-default\">Reforma integral de vivendas<\/h2>\t\t<\/div>\n\t\t\t\t<\/div>\n\t\t\t\t\t<\/div>\n\t\t<\/div>\n\t\t\t\t<div class=\"elementor-column elementor-col-50 elementor-top-column elementor-element elementor-element-46c458c\" data-id=\"46c458c\" data-element_type=\"column\" data-settings=\"{&quot;background_background&quot;:&quot;classic&quot;}\">\n\t\t\t<div class=\"elementor-widget-wrap elementor-element-populated\">\n\t\t\t\t\t\t\t\t<div class=\"elementor-element elementor-element-8d8bde7 elementor-widget elementor-widget-heading\" data-id=\"8d8bde7\" data-element_type=\"widget\" data-widget_type=\"heading.default\">\n\t\t\t\t<div class=\"elementor-widget-container\">\n\t\t\t<h2 class=\"elementor-heading-title elementor-size-default\">Carpinter\u00eda en xeral<\/h2>\t\t<\/div>\n\t\t\t\t<\/div>\n\t\t\t\t<div class=\"elementor-element elementor-element-5b4a981 elementor-widget elementor-widget-heading\" data-id=\"5b4a981\" data-element_type=\"widget\" data-widget_type=\"heading.default\">\n\t\t\t\t<div class=\"elementor-widget-container\">\n\t\t\t<h2 class=\"elementor-heading-title elementor-size-default\">Dormitorios<\/h2>\t\t<\/div>\n\t\t\t\t<\/div>\n\t\t\t\t<div class=\"elementor-element elementor-element-0a07ad2 elementor-widget elementor-widget-heading\" data-id=\"0a07ad2\" data-element_type=\"widget\" data-widget_type=\"heading.default\">\n\t\t\t\t<div class=\"elementor-widget-container\">\n\t\t\t<h2 class=\"elementor-heading-title elementor-size-default\">Reforma integral de oficinas<\/h2>\t\t<\/div>\n\t\t\t\t<\/div>\n\t\t\t\t\t<\/div>\n\t\t<\/div>\n\t\t\t\t\t\t\t<\/div>\n\t\t<\/section>\n\t\t\t\t\t\t\t<\/div>","protected":false},"excerpt":{"rendered":"<p>Carpinter\u00eda de calidad Donde la destreza de la madera se fusiona con la pasi\u00f3n por el detalle, nace la excelencia en cada creaci\u00f3n, dejando una huella duradera en cada espacio. Colocaci\u00f3n de suelos Muebles de ba\u00f1o Reforma integral viviendas Carpinter\u00eda en general Dormitorios Reforma integral oficinas<\/p>","protected":false},"author":1,"featured_media":0,"parent":0,"menu_order":1,"comment_status":"closed","ping_status":"closed","template":"page-templates\/template-pagebuilder-full-width.php","meta":{"neve_meta_sidebar":"","neve_meta_container":"","neve_meta_enable_content_width":"","neve_meta_content_width":0,"neve_meta_title_alignment":"","neve_meta_author_avatar":"","neve_post_elements_order":"","neve_meta_disable_header":"","neve_meta_disable_footer":"","neve_meta_disable_title":"","neve_meta_reading_time":"","_ti_tpc_template_sync":false,"_ti_tpc_template_id":"jbrb6vpv1m3hqglrbca0","footnotes":""},"yoast_head":"<!-- This site is optimized with the Yoast SEO plugin v20.9 - https:\/\/yoast.com\/wordpress\/plugins\/seo\/ -->\n<title>Sobre nosotros - Magosu 2017 S.L.<\/title>\n<meta name=\"description\" content=\"Artesan\u00eda en madera, donde la destreza con la madera se fusiona con la pasi\u00f3n por el detalle. Carpinter\u00eda de calidad en madera.\" \/>\n<meta name=\"robots\" content=\"index, follow, max-snippet:-1, max-image-preview:large, max-video-preview:-1\" \/>\n<link rel=\"canonical\" href=\"https:\/\/magosu.es\/gl\/sobre-nosotros\/\" \/>\n<meta property=\"og:locale\" content=\"gl_ES\" \/>\n<meta property=\"og:type\" content=\"article\" \/>\n<meta property=\"og:title\" content=\"Sobre nosotros - Magosu 2017 S.L.\" \/>\n<meta property=\"og:description\" content=\"Artesan\u00eda en madera, donde la destreza con la madera se fusiona con la pasi\u00f3n por el detalle. Carpinter\u00eda de calidad en madera.\" \/>\n<meta property=\"og:url\" content=\"https:\/\/magosu.es\/gl\/sobre-nosotros\/\" \/>\n<meta property=\"og:site_name\" content=\"Magosu\" \/>\n<meta property=\"article:modified_time\" content=\"2023-06-22T23:13:53+00:00\" \/>\n<meta property=\"og:image\" content=\"http:\/\/magosu.es\/wp-content\/uploads\/elementor\/thumbs\/69414933-01a4-4fde-8a5d-88ef32216169-q8azj45s0z4ys6qgib9kyn5eekxpfa00zqx8wcvqrk.jpg\" \/>\n<meta name=\"twitter:card\" content=\"summary_large_image\" \/>\n<meta name=\"twitter:label1\" content=\"Tempo de lectura\" \/>\n\t<meta name=\"twitter:data1\" content=\"2 minutos\" \/>\n<script type=\"application\/ld+json\" class=\"yoast-schema-graph\">{\"@context\":\"https:\/\/schema.org\",\"@graph\":[{\"@type\":\"WebPage\",\"@id\":\"https:\/\/magosu.es\/gl\/sobre-nosotros\/\",\"url\":\"https:\/\/magosu.es\/gl\/sobre-nosotros\/\",\"name\":\"Sobre nosotros - Magosu 2017 S.L.\",\"isPartOf\":{\"@id\":\"https:\/\/magosu.es\/gl\/#website\"},\"datePublished\":\"2022-08-26T03:18:45+00:00\",\"dateModified\":\"2023-06-22T23:13:53+00:00\",\"description\":\"Artesan\u00eda en madera, donde la destreza con la madera se fusiona con la pasi\u00f3n por el detalle. Carpinter\u00eda de calidad en madera.\",\"breadcrumb\":{\"@id\":\"https:\/\/magosu.es\/gl\/sobre-nosotros\/#breadcrumb\"},\"inLanguage\":\"gl-ES\",\"potentialAction\":[{\"@type\":\"ReadAction\",\"target\":[\"https:\/\/magosu.es\/gl\/sobre-nosotros\/\"]}]},{\"@type\":\"BreadcrumbList\",\"@id\":\"https:\/\/magosu.es\/gl\/sobre-nosotros\/#breadcrumb\",\"itemListElement\":[{\"@type\":\"ListItem\",\"position\":1,\"name\":\"Portada\",\"item\":\"https:\/\/magosu.es\/gl\/\"},{\"@type\":\"ListItem\",\"position\":2,\"name\":\"Sobre nosotros\"}]},{\"@type\":\"WebSite\",\"@id\":\"https:\/\/magosu.es\/gl\/#website\",\"url\":\"https:\/\/magosu.es\/gl\/\",\"name\":\"Magosu\",\"description\":\"Magosu\",\"publisher\":{\"@id\":\"https:\/\/magosu.es\/gl\/#organization\"},\"potentialAction\":[{\"@type\":\"SearchAction\",\"target\":{\"@type\":\"EntryPoint\",\"urlTemplate\":\"https:\/\/magosu.es\/gl\/?s={search_term_string}\"},\"query-input\":\"required name=search_term_string\"}],\"inLanguage\":\"gl-ES\"},{\"@type\":\"Organization\",\"@id\":\"https:\/\/magosu.es\/gl\/#organization\",\"name\":\"Magosu 2017 S.L.\",\"url\":\"https:\/\/magosu.es\/gl\/\",\"logo\":{\"@type\":\"ImageObject\",\"inLanguage\":\"gl-ES\",\"@id\":\"https:\/\/magosu.es\/gl\/#\/schema\/logo\/image\/\",\"url\":\"http:\/\/magosu.es\/wp-content\/uploads\/2023\/06\/logo-magosu.png\",\"contentUrl\":\"http:\/\/magosu.es\/wp-content\/uploads\/2023\/06\/logo-magosu.png\",\"width\":513,\"height\":138,\"caption\":\"Magosu 2017 S.L.\"},\"image\":{\"@id\":\"https:\/\/magosu.es\/gl\/#\/schema\/logo\/image\/\"}}]}<\/script>\n<!-- \/ Yoast SEO plugin. -->","yoast_head_json":{"title":"Sobre nosotros - Magosu 2017 S.L.","description":"Artesan\u00eda en madera, donde la destreza con la madera se fusiona con la pasi\u00f3n por el detalle. Carpinter\u00eda de calidad en madera.","robots":{"index":"index","follow":"follow","max-snippet":"max-snippet:-1","max-image-preview":"max-image-preview:large","max-video-preview":"max-video-preview:-1"},"canonical":"https:\/\/magosu.es\/gl\/sobre-nosotros\/","og_locale":"gl_ES","og_type":"article","og_title":"Sobre nosotros - Magosu 2017 S.L.","og_description":"Artesan\u00eda en madera, donde la destreza con la madera se fusiona con la pasi\u00f3n por el detalle. Carpinter\u00eda de calidad en madera.","og_url":"https:\/\/magosu.es\/gl\/sobre-nosotros\/","og_site_name":"Magosu","article_modified_time":"2023-06-22T23:13:53+00:00","og_image":[{"url":"http:\/\/magosu.es\/wp-content\/uploads\/elementor\/thumbs\/69414933-01a4-4fde-8a5d-88ef32216169-q8azj45s0z4ys6qgib9kyn5eekxpfa00zqx8wcvqrk.jpg"}],"twitter_card":"summary_large_image","twitter_misc":{"Tempo de lectura":"2 minutos"},"schema":{"@context":"https:\/\/schema.org","@graph":[{"@type":"WebPage","@id":"https:\/\/magosu.es\/gl\/sobre-nosotros\/","url":"https:\/\/magosu.es\/gl\/sobre-nosotros\/","name":"Sobre nosotros - Magosu 2017 S.L.","isPartOf":{"@id":"https:\/\/magosu.es\/gl\/#website"},"datePublished":"2022-08-26T03:18:45+00:00","dateModified":"2023-06-22T23:13:53+00:00","description":"Artesan\u00eda en madera, donde la destreza con la madera se fusiona con la pasi\u00f3n por el detalle. Carpinter\u00eda de calidad en madera.","breadcrumb":{"@id":"https:\/\/magosu.es\/gl\/sobre-nosotros\/#breadcrumb"},"inLanguage":"gl-ES","potentialAction":[{"@type":"ReadAction","target":["https:\/\/magosu.es\/gl\/sobre-nosotros\/"]}]},{"@type":"BreadcrumbList","@id":"https:\/\/magosu.es\/gl\/sobre-nosotros\/#breadcrumb","itemListElement":[{"@type":"ListItem","position":1,"name":"Portada","item":"https:\/\/magosu.es\/gl\/"},{"@type":"ListItem","position":2,"name":"Sobre nosotros"}]},{"@type":"WebSite","@id":"https:\/\/magosu.es\/gl\/#website","url":"https:\/\/magosu.es\/gl\/","name":"Magosu","description":"Magosu","publisher":{"@id":"https:\/\/magosu.es\/gl\/#organization"},"potentialAction":[{"@type":"SearchAction","target":{"@type":"EntryPoint","urlTemplate":"https:\/\/magosu.es\/gl\/?s={search_term_string}"},"query-input":"required name=search_term_string"}],"inLanguage":"gl-ES"},{"@type":"Organization","@id":"https:\/\/magosu.es\/gl\/#organization","name":"Magosu 2017 S.L.","url":"https:\/\/magosu.es\/gl\/","logo":{"@type":"ImageObject","inLanguage":"gl-ES","@id":"https:\/\/magosu.es\/gl\/#\/schema\/logo\/image\/","url":"http:\/\/magosu.es\/wp-content\/uploads\/2023\/06\/logo-magosu.png","contentUrl":"http:\/\/magosu.es\/wp-content\/uploads\/2023\/06\/logo-magosu.png","width":513,"height":138,"caption":"Magosu 2017 S.L."},"image":{"@id":"https:\/\/magosu.es\/gl\/#\/schema\/logo\/image\/"}}]}},"_links":{"self":[{"href":"https:\/\/magosu.es\/gl\/wp-json\/wp\/v2\/pages\/3921"}],"collection":[{"href":"https:\/\/magosu.es\/gl\/wp-json\/wp\/v2\/pages"}],"about":[{"href":"https:\/\/magosu.es\/gl\/wp-json\/wp\/v2\/types\/page"}],"author":[{"embeddable":true,"href":"https:\/\/magosu.es\/gl\/wp-json\/wp\/v2\/users\/1"}],"replies":[{"embeddable":true,"href":"https:\/\/magosu.es\/gl\/wp-json\/wp\/v2\/comments?post=3921"}],"version-history":[{"count":14,"href":"https:\/\/magosu.es\/gl\/wp-json\/wp\/v2\/pages\/3921\/revisions"}],"predecessor-version":[{"id":4230,"href":"https:\/\/magosu.es\/gl\/wp-json\/wp\/v2\/pages\/3921\/revisions\/4230"}],"wp:attachment":[{"href":"https:\/\/magosu.es\/gl\/wp-json\/wp\/v2\/media?parent=3921"}],"curies":[{"name":"wp","href":"https:\/\/api.w.org\/{rel}","templated":true}]}}