{"id":3917,"date":"2022-08-23T05:12:20","date_gmt":"2022-08-23T05:12:20","guid":{"rendered":"https:\/\/demosites.io\/real-estate-agency\/?page_id=3917"},"modified":"2023-11-16T08:50:09","modified_gmt":"2023-11-16T08:50:09","slug":"inicio","status":"publish","type":"page","link":"https:\/\/magosu.es\/gl\/","title":{"rendered":"Inicio"},"content":{"rendered":"<div data-elementor-type=\"wp-page\" data-elementor-id=\"3917\" class=\"elementor elementor-3917\">\n\t\t\t\t\t\t\t\t\t<section class=\"elementor-section elementor-top-section elementor-element elementor-element-7205359 elementor-section-full_width elementor-section-height-min-height elementor-section-height-default elementor-section-items-middle\" data-id=\"7205359\" data-element_type=\"section\" data-settings=\"{&quot;background_background&quot;:&quot;classic&quot;}\">\n\t\t\t\t\t\t\t<div class=\"elementor-background-overlay\"><\/div>\n\t\t\t\t\t\t\t<div class=\"elementor-container elementor-column-gap-default\">\n\t\t\t\t\t<div class=\"elementor-column elementor-col-100 elementor-top-column elementor-element elementor-element-2a1fd51\" data-id=\"2a1fd51\" data-element_type=\"column\">\n\t\t\t<div class=\"elementor-widget-wrap elementor-element-populated\">\n\t\t\t\t\t\t\t\t<section class=\"elementor-section elementor-inner-section elementor-element elementor-element-1a46abb elementor-section-boxed elementor-section-height-default elementor-section-height-default\" data-id=\"1a46abb\" data-element_type=\"section\">\n\t\t\t\t\t\t\t<div class=\"elementor-background-overlay\"><\/div>\n\t\t\t\t\t\t\t<div class=\"elementor-container elementor-column-gap-default\">\n\t\t\t\t\t<div class=\"elementor-column elementor-col-50 elementor-inner-column elementor-element elementor-element-51528e0\" data-id=\"51528e0\" data-element_type=\"column\">\n\t\t\t<div class=\"elementor-widget-wrap elementor-element-populated\">\n\t\t\t\t\t\t\t\t<div class=\"elementor-element elementor-element-a6ec583 elementor-widget elementor-widget-heading\" data-id=\"a6ec583\" data-element_type=\"widget\" data-widget_type=\"heading.default\">\n\t\t\t\t<div class=\"elementor-widget-container\">\n\t\t\t<style>\/*! elementor - v3.14.0 - 18-06-2023 *\/\n.elementor-heading-title{padding:0;margin:0;line-height:1}.elementor-widget-heading .elementor-heading-title[class*=elementor-size-]>a{color:inherit;font-size:inherit;line-height:inherit}.elementor-widget-heading .elementor-heading-title.elementor-size-small{font-size:15px}.elementor-widget-heading .elementor-heading-title.elementor-size-medium{font-size:19px}.elementor-widget-heading .elementor-heading-title.elementor-size-large{font-size:29px}.elementor-widget-heading .elementor-heading-title.elementor-size-xl{font-size:39px}.elementor-widget-heading .elementor-heading-title.elementor-size-xxl{font-size:59px}<\/style><h1 class=\"elementor-heading-title elementor-size-medium\">Carpinter\u00eda Magosu 2017<\/h1>\t\t<\/div>\n\t\t\t\t<\/div>\n\t\t\t\t<div class=\"elementor-element elementor-element-a2ee14c elementor-widget elementor-widget-text-editor\" data-id=\"a2ee14c\" data-element_type=\"widget\" data-widget_type=\"text-editor.default\">\n\t\t\t\t<div class=\"elementor-widget-container\">\n\t\t\t<style>\/*! elementor - v3.14.0 - 18-06-2023 *\/\n.elementor-widget-text-editor.elementor-drop-cap-view-stacked .elementor-drop-cap{background-color:#69727d;color:#fff}.elementor-widget-text-editor.elementor-drop-cap-view-framed .elementor-drop-cap{color:#69727d;border:3px solid;background-color:transparent}.elementor-widget-text-editor:not(.elementor-drop-cap-view-default) .elementor-drop-cap{margin-top:8px}.elementor-widget-text-editor:not(.elementor-drop-cap-view-default) .elementor-drop-cap-letter{width:1em;height:1em}.elementor-widget-text-editor .elementor-drop-cap{float:left;text-align:center;line-height:1;font-size:50px}.elementor-widget-text-editor .elementor-drop-cap-letter{display:inline-block}<\/style>\t\t\t\t<p>Artesan\u00eda en madeira, onde a destreza coa madeira se funde coa paix\u00f3n polo detalle.<\/p>\t\t\t\t\t\t<\/div>\n\t\t\t\t<\/div>\n\t\t\t\t\t<\/div>\n\t\t<\/div>\n\t\t\t\t<div class=\"elementor-column elementor-col-50 elementor-inner-column elementor-element elementor-element-5df72c2\" data-id=\"5df72c2\" data-element_type=\"column\">\n\t\t\t<div class=\"elementor-widget-wrap elementor-element-populated\">\n\t\t\t\t\t\t\t\t<div class=\"elementor-element elementor-element-7c8a737 elementor-widget elementor-widget-spacer\" data-id=\"7c8a737\" data-element_type=\"widget\" data-widget_type=\"spacer.default\">\n\t\t\t\t<div class=\"elementor-widget-container\">\n\t\t\t<style>\/*! elementor - v3.14.0 - 18-06-2023 *\/\n.elementor-column .elementor-spacer-inner{height:var(--spacer-size)}.e-con{--container-widget-width:100%}.e-con-inner>.elementor-widget-spacer,.e-con>.elementor-widget-spacer{width:var(--container-widget-width,var(--spacer-size));--align-self:var(--container-widget-align-self,initial);--flex-shrink:0}.e-con-inner>.elementor-widget-spacer>.elementor-widget-container,.e-con-inner>.elementor-widget-spacer>.elementor-widget-container>.elementor-spacer,.e-con>.elementor-widget-spacer>.elementor-widget-container,.e-con>.elementor-widget-spacer>.elementor-widget-container>.elementor-spacer{height:100%}.e-con-inner>.elementor-widget-spacer>.elementor-widget-container>.elementor-spacer>.elementor-spacer-inner,.e-con>.elementor-widget-spacer>.elementor-widget-container>.elementor-spacer>.elementor-spacer-inner{height:var(--container-widget-height,var(--spacer-size))}<\/style>\t\t<div class=\"elementor-spacer\">\n\t\t\t<div class=\"elementor-spacer-inner\"><\/div>\n\t\t<\/div>\n\t\t\t\t<\/div>\n\t\t\t\t<\/div>\n\t\t\t\t\t<\/div>\n\t\t<\/div>\n\t\t\t\t\t\t\t<\/div>\n\t\t<\/section>\n\t\t\t\t\t<\/div>\n\t\t<\/div>\n\t\t\t\t\t\t\t<\/div>\n\t\t<\/section>\n\t\t\t\t<section class=\"elementor-section elementor-top-section elementor-element elementor-element-e38b98e elementor-section-boxed elementor-section-height-default elementor-section-height-default\" data-id=\"e38b98e\" data-element_type=\"section\" data-settings=\"{&quot;background_background&quot;:&quot;classic&quot;}\">\n\t\t\t\t\t\t<div class=\"elementor-container elementor-column-gap-default\">\n\t\t\t\t\t<div class=\"elementor-column elementor-col-100 elementor-top-column elementor-element elementor-element-5908ca9\" data-id=\"5908ca9\" data-element_type=\"column\">\n\t\t\t<div class=\"elementor-widget-wrap elementor-element-populated\">\n\t\t\t\t\t\t\t\t<div class=\"elementor-element elementor-element-d5e6392 elementor-widget elementor-widget-heading\" data-id=\"d5e6392\" data-element_type=\"widget\" data-widget_type=\"heading.default\">\n\t\t\t\t<div class=\"elementor-widget-container\">\n\t\t\t<h2 class=\"elementor-heading-title elementor-size-default\">Os nosos traballos<\/h2>\t\t<\/div>\n\t\t\t\t<\/div>\n\t\t\t\t<section class=\"elementor-section elementor-inner-section elementor-element elementor-element-8838c86 elementor-section-content-middle elementor-section-boxed elementor-section-height-default elementor-section-height-default\" data-id=\"8838c86\" data-element_type=\"section\">\n\t\t\t\t\t\t<div class=\"elementor-container elementor-column-gap-default\">\n\t\t\t\t\t<div class=\"elementor-column elementor-col-100 elementor-inner-column elementor-element elementor-element-a3582f0\" data-id=\"a3582f0\" data-element_type=\"column\">\n\t\t\t<div class=\"elementor-widget-wrap elementor-element-populated\">\n\t\t\t\t\t\t\t\t<div class=\"elementor-element elementor-element-2a4afa2 elementor-arrows-position-inside elementor-pagination-position-outside elementor-widget elementor-widget-image-carousel\" data-id=\"2a4afa2\" data-element_type=\"widget\" data-settings=\"{&quot;slides_to_show&quot;:&quot;1&quot;,&quot;navigation&quot;:&quot;both&quot;,&quot;autoplay&quot;:&quot;yes&quot;,&quot;pause_on_hover&quot;:&quot;yes&quot;,&quot;pause_on_interaction&quot;:&quot;yes&quot;,&quot;autoplay_speed&quot;:5000,&quot;infinite&quot;:&quot;yes&quot;,&quot;effect&quot;:&quot;slide&quot;,&quot;speed&quot;:500}\" data-widget_type=\"image-carousel.default\">\n\t\t\t\t<div class=\"elementor-widget-container\">\n\t\t\t<style>\/*! elementor - v3.14.0 - 18-06-2023 *\/\n.elementor-widget-image-carousel .swiper,.elementor-widget-image-carousel .swiper-container{position:static}.elementor-widget-image-carousel .swiper-container .swiper-slide figure,.elementor-widget-image-carousel .swiper .swiper-slide figure{line-height:inherit}.elementor-widget-image-carousel .swiper-slide{text-align:center}.elementor-image-carousel-wrapper:not(.swiper-container-initialized):not(.swiper-initialized) .swiper-slide{max-width:calc(100% \/ var(--e-image-carousel-slides-to-show, 3))}<\/style>\t\t<div class=\"elementor-image-carousel-wrapper swiper\" dir=\"ltr\">\n\t\t\t<div class=\"elementor-image-carousel swiper-wrapper\" aria-live=\"off\">\n\t\t\t\t\t\t\t\t<div class=\"swiper-slide\" role=\"group\" aria-roledescription=\"slide\" aria-label=\"1 de 9\"><figure class=\"swiper-slide-inner\"><img decoding=\"async\" class=\"swiper-slide-image\" src=\"https:\/\/magosu.es\/wp-content\/uploads\/elementor\/thumbs\/IMG_20181102_184041-scaled-q8azbme412c348zik20s0glevbg1oh0us4n6x9dq0o.jpg\" alt=\"Mueble sal\u00f3n\" \/><\/figure><\/div><div class=\"swiper-slide\" role=\"group\" aria-roledescription=\"slide\" aria-label=\"2 de 9\"><figure class=\"swiper-slide-inner\"><img decoding=\"async\" class=\"swiper-slide-image\" src=\"https:\/\/magosu.es\/wp-content\/uploads\/elementor\/thumbs\/IMG_20210427_121803-q8azbr3az8iiqasosm1wuxepu8svqyjigrwmbn6r5k.jpg\" alt=\"Altar\" \/><\/figure><\/div><div class=\"swiper-slide\" role=\"group\" aria-roledescription=\"slide\" aria-label=\"3 de 9\"><figure class=\"swiper-slide-inner\"><img decoding=\"async\" class=\"swiper-slide-image\" src=\"https:\/\/magosu.es\/wp-content\/uploads\/elementor\/thumbs\/IMG_20210603_185957-q8azbs1562jt1wrbn4gjff66fmo8ynn8swk3sx5czc.jpg\" alt=\"Macetero ventana\" \/><\/figure><\/div><div class=\"swiper-slide\" role=\"group\" aria-roledescription=\"slide\" aria-label=\"4 de 9\"><figure class=\"swiper-slide-inner\"><img decoding=\"async\" class=\"swiper-slide-image\" src=\"https:\/\/magosu.es\/wp-content\/uploads\/elementor\/thumbs\/IMG_20210826_161517-q8azbsyzcwl3dipyhmv5zwxn10jm6cqz517la73yt4.jpg\" alt=\"\u00c1tico\" \/><\/figure><\/div><div class=\"swiper-slide\" role=\"group\" aria-roledescription=\"slide\" aria-label=\"5 de 9\"><figure class=\"swiper-slide-inner\"><img decoding=\"async\" class=\"swiper-slide-image\" src=\"https:\/\/magosu.es\/wp-content\/uploads\/elementor\/thumbs\/IMG_20211027_190312-q8azbtwtjqmdp4olc59skep3meeze1uph5v2rh2kmw.jpg\" alt=\"H\u00f3rreo\" \/><\/figure><\/div><div class=\"swiper-slide\" role=\"group\" aria-roledescription=\"slide\" aria-label=\"6 de 9\"><figure class=\"swiper-slide-inner\"><img decoding=\"async\" class=\"swiper-slide-image\" src=\"https:\/\/magosu.es\/wp-content\/uploads\/elementor\/thumbs\/IMG-20201107-WA0002-q8azbuunqkno0qn86nof4wgk7saclqyftaik8r16go.jpg\" alt=\"Barriles bar\" \/><\/figure><\/div><div class=\"swiper-slide\" role=\"group\" aria-roledescription=\"slide\" aria-label=\"7 de 9\"><figure class=\"swiper-slide-inner\"><img decoding=\"async\" class=\"swiper-slide-image\" src=\"https:\/\/magosu.es\/wp-content\/uploads\/elementor\/thumbs\/IMG-20210111-WA0007-q8azbvshxeoycclv1631pe80t65ptg265f61q0zsag.jpg\" alt=\"Porche\" \/><\/figure><\/div><div class=\"swiper-slide\" role=\"group\" aria-roledescription=\"slide\" aria-label=\"8 de 9\"><figure class=\"swiper-slide-inner\"><img decoding=\"async\" class=\"swiper-slide-image\" src=\"https:\/\/magosu.es\/wp-content\/uploads\/elementor\/thumbs\/IMG-20210614-WA0001-q8azbwqc48q8nykhvoho9vzhek13155whjtj7aye48.jpg\" alt=\"Macetero ventana\" \/><\/figure><\/div><div class=\"swiper-slide\" role=\"group\" aria-roledescription=\"slide\" aria-label=\"9 de 9\"><figure class=\"swiper-slide-inner\"><img decoding=\"async\" class=\"swiper-slide-image\" src=\"https:\/\/magosu.es\/wp-content\/uploads\/elementor\/thumbs\/IMG-20220224-WA0013-q8azbxo6b2rizkj4q6waudqxzxwg8u9mtoh0okwzy0.jpg\" alt=\"Balc\u00f3n\" \/><\/figure><\/div>\t\t\t<\/div>\n\t\t\t\t\t\t\t\t\t\t\t\t<div class=\"elementor-swiper-button elementor-swiper-button-prev\" role=\"button\" tabindex=\"0\">\n\t\t\t\t\t\t<i aria-hidden=\"true\" class=\"eicon-chevron-left\"><\/i>\t\t\t\t\t<\/div>\n\t\t\t\t\t<div class=\"elementor-swiper-button elementor-swiper-button-next\" role=\"button\" tabindex=\"0\">\n\t\t\t\t\t\t<i aria-hidden=\"true\" class=\"eicon-chevron-right\"><\/i>\t\t\t\t\t<\/div>\n\t\t\t\t\n\t\t\t\t\t\t\t\t\t<div class=\"swiper-pagination\"><\/div>\n\t\t\t\t\t\t\t\t\t<\/div>\n\t\t\t\t<\/div>\n\t\t\t\t<\/div>\n\t\t\t\t\t<\/div>\n\t\t<\/div>\n\t\t\t\t\t\t\t<\/div>\n\t\t<\/section>\n\t\t\t\t\t<\/div>\n\t\t<\/div>\n\t\t\t\t\t\t\t<\/div>\n\t\t<\/section>\n\t\t\t\t<section class=\"elementor-section elementor-top-section elementor-element elementor-element-b1f8022 elementor-section-boxed elementor-section-height-default elementor-section-height-default\" data-id=\"b1f8022\" data-element_type=\"section\">\n\t\t\t\t\t\t<div class=\"elementor-container elementor-column-gap-default\">\n\t\t\t\t\t<div class=\"elementor-column elementor-col-100 elementor-top-column elementor-element elementor-element-366dd41\" data-id=\"366dd41\" data-element_type=\"column\">\n\t\t\t<div class=\"elementor-widget-wrap\">\n\t\t\t\t\t\t\t\t\t<\/div>\n\t\t<\/div>\n\t\t\t\t\t\t\t<\/div>\n\t\t<\/section>\n\t\t\t\t\t\t\t<\/div>","protected":false},"excerpt":{"rendered":"<p>Carpinter\u00eda Magosu 2017 Artesan\u00eda en madera,\u00a0donde la destreza con la madera se fusiona con la pasi\u00f3n por el detalle Nuestros trabajos<\/p>","protected":false},"author":1,"featured_media":0,"parent":0,"menu_order":0,"comment_status":"closed","ping_status":"closed","template":"page-templates\/template-pagebuilder-full-width.php","meta":{"neve_meta_sidebar":"","neve_meta_container":"","neve_meta_enable_content_width":"","neve_meta_content_width":0,"neve_meta_title_alignment":"","neve_meta_author_avatar":"","neve_post_elements_order":"","neve_meta_disable_header":"off","neve_meta_disable_footer":"","neve_meta_disable_title":"on","neve_meta_reading_time":"","_ti_tpc_template_sync":false,"_ti_tpc_template_id":"moclpv4ujhpcykxxihld","footnotes":""},"yoast_head":"<!-- This site is optimized with the Yoast SEO plugin v20.9 - https:\/\/yoast.com\/wordpress\/plugins\/seo\/ -->\n<title>Inicio - Magosu 2017 S.L.<\/title>\n<meta name=\"description\" content=\"Artesan\u00eda en madera, donde la destreza con la madera se fusiona con la pasi\u00f3n por el detalle. Carpinter\u00eda de calidad en madera.\" \/>\n<meta name=\"robots\" content=\"index, follow, max-snippet:-1, max-image-preview:large, max-video-preview:-1\" \/>\n<link rel=\"canonical\" href=\"https:\/\/magosu.es\/gl\/\" \/>\n<meta property=\"og:locale\" content=\"gl_ES\" \/>\n<meta property=\"og:type\" content=\"article\" \/>\n<meta property=\"og:title\" content=\"Inicio - Magosu 2017 S.L.\" \/>\n<meta property=\"og:description\" content=\"Artesan\u00eda en madera, donde la destreza con la madera se fusiona con la pasi\u00f3n por el detalle. Carpinter\u00eda de calidad en madera.\" \/>\n<meta property=\"og:url\" content=\"https:\/\/magosu.es\/gl\/\" \/>\n<meta property=\"og:site_name\" content=\"Magosu\" \/>\n<meta property=\"article:modified_time\" content=\"2023-11-16T08:50:09+00:00\" \/>\n<meta property=\"og:image\" content=\"http:\/\/magosu.es\/wp-content\/uploads\/elementor\/thumbs\/IMG_20181102_184041-scaled-q8azbme412c348zik20s0glevbg1oh0us4n6x9dq0o.jpg\" \/>\n<meta name=\"twitter:card\" content=\"summary_large_image\" \/>\n<meta name=\"twitter:label1\" content=\"Tempo de lectura\" \/>\n\t<meta name=\"twitter:data1\" content=\"3 minutos\" \/>\n<script type=\"application\/ld+json\" class=\"yoast-schema-graph\">{\"@context\":\"https:\/\/schema.org\",\"@graph\":[{\"@type\":\"WebPage\",\"@id\":\"https:\/\/magosu.es\/gl\/\",\"url\":\"https:\/\/magosu.es\/gl\/\",\"name\":\"Inicio - Magosu 2017 S.L.\",\"isPartOf\":{\"@id\":\"https:\/\/magosu.es\/gl\/#website\"},\"datePublished\":\"2022-08-23T05:12:20+00:00\",\"dateModified\":\"2023-11-16T08:50:09+00:00\",\"description\":\"Artesan\u00eda en madera, donde la destreza con la madera se fusiona con la pasi\u00f3n por el detalle. Carpinter\u00eda de calidad en madera.\",\"breadcrumb\":{\"@id\":\"https:\/\/magosu.es\/gl\/#breadcrumb\"},\"inLanguage\":\"gl-ES\",\"potentialAction\":[{\"@type\":\"ReadAction\",\"target\":[\"https:\/\/magosu.es\/gl\/\"]}]},{\"@type\":\"BreadcrumbList\",\"@id\":\"https:\/\/magosu.es\/gl\/#breadcrumb\",\"itemListElement\":[{\"@type\":\"ListItem\",\"position\":1,\"name\":\"Portada\",\"item\":\"https:\/\/magosu.es\/gl\/\"},{\"@type\":\"ListItem\",\"position\":2,\"name\":\"Inicio\"}]},{\"@type\":\"WebSite\",\"@id\":\"https:\/\/magosu.es\/gl\/#website\",\"url\":\"https:\/\/magosu.es\/gl\/\",\"name\":\"Magosu\",\"description\":\"Magosu\",\"publisher\":{\"@id\":\"https:\/\/magosu.es\/gl\/#organization\"},\"potentialAction\":[{\"@type\":\"SearchAction\",\"target\":{\"@type\":\"EntryPoint\",\"urlTemplate\":\"https:\/\/magosu.es\/gl\/?s={search_term_string}\"},\"query-input\":\"required name=search_term_string\"}],\"inLanguage\":\"gl-ES\"},{\"@type\":\"Organization\",\"@id\":\"https:\/\/magosu.es\/gl\/#organization\",\"name\":\"Magosu 2017 S.L.\",\"url\":\"https:\/\/magosu.es\/gl\/\",\"logo\":{\"@type\":\"ImageObject\",\"inLanguage\":\"gl-ES\",\"@id\":\"https:\/\/magosu.es\/gl\/#\/schema\/logo\/image\/\",\"url\":\"http:\/\/magosu.es\/wp-content\/uploads\/2023\/06\/logo-magosu.png\",\"contentUrl\":\"http:\/\/magosu.es\/wp-content\/uploads\/2023\/06\/logo-magosu.png\",\"width\":513,\"height\":138,\"caption\":\"Magosu 2017 S.L.\"},\"image\":{\"@id\":\"https:\/\/magosu.es\/gl\/#\/schema\/logo\/image\/\"}}]}<\/script>\n<!-- \/ Yoast SEO plugin. -->","yoast_head_json":{"title":"Inicio - Magosu 2017 S.L.","description":"Artesan\u00eda en madera, donde la destreza con la madera se fusiona con la pasi\u00f3n por el detalle. Carpinter\u00eda de calidad en madera.","robots":{"index":"index","follow":"follow","max-snippet":"max-snippet:-1","max-image-preview":"max-image-preview:large","max-video-preview":"max-video-preview:-1"},"canonical":"https:\/\/magosu.es\/gl\/","og_locale":"gl_ES","og_type":"article","og_title":"Inicio - Magosu 2017 S.L.","og_description":"Artesan\u00eda en madera, donde la destreza con la madera se fusiona con la pasi\u00f3n por el detalle. Carpinter\u00eda de calidad en madera.","og_url":"https:\/\/magosu.es\/gl\/","og_site_name":"Magosu","article_modified_time":"2023-11-16T08:50:09+00:00","og_image":[{"url":"http:\/\/magosu.es\/wp-content\/uploads\/elementor\/thumbs\/IMG_20181102_184041-scaled-q8azbme412c348zik20s0glevbg1oh0us4n6x9dq0o.jpg"}],"twitter_card":"summary_large_image","twitter_misc":{"Tempo de lectura":"3 minutos"},"schema":{"@context":"https:\/\/schema.org","@graph":[{"@type":"WebPage","@id":"https:\/\/magosu.es\/gl\/","url":"https:\/\/magosu.es\/gl\/","name":"Inicio - Magosu 2017 S.L.","isPartOf":{"@id":"https:\/\/magosu.es\/gl\/#website"},"datePublished":"2022-08-23T05:12:20+00:00","dateModified":"2023-11-16T08:50:09+00:00","description":"Artesan\u00eda en madera, donde la destreza con la madera se fusiona con la pasi\u00f3n por el detalle. Carpinter\u00eda de calidad en madera.","breadcrumb":{"@id":"https:\/\/magosu.es\/gl\/#breadcrumb"},"inLanguage":"gl-ES","potentialAction":[{"@type":"ReadAction","target":["https:\/\/magosu.es\/gl\/"]}]},{"@type":"BreadcrumbList","@id":"https:\/\/magosu.es\/gl\/#breadcrumb","itemListElement":[{"@type":"ListItem","position":1,"name":"Portada","item":"https:\/\/magosu.es\/gl\/"},{"@type":"ListItem","position":2,"name":"Inicio"}]},{"@type":"WebSite","@id":"https:\/\/magosu.es\/gl\/#website","url":"https:\/\/magosu.es\/gl\/","name":"Magosu","description":"Magosu","publisher":{"@id":"https:\/\/magosu.es\/gl\/#organization"},"potentialAction":[{"@type":"SearchAction","target":{"@type":"EntryPoint","urlTemplate":"https:\/\/magosu.es\/gl\/?s={search_term_string}"},"query-input":"required name=search_term_string"}],"inLanguage":"gl-ES"},{"@type":"Organization","@id":"https:\/\/magosu.es\/gl\/#organization","name":"Magosu 2017 S.L.","url":"https:\/\/magosu.es\/gl\/","logo":{"@type":"ImageObject","inLanguage":"gl-ES","@id":"https:\/\/magosu.es\/gl\/#\/schema\/logo\/image\/","url":"http:\/\/magosu.es\/wp-content\/uploads\/2023\/06\/logo-magosu.png","contentUrl":"http:\/\/magosu.es\/wp-content\/uploads\/2023\/06\/logo-magosu.png","width":513,"height":138,"caption":"Magosu 2017 S.L."},"image":{"@id":"https:\/\/magosu.es\/gl\/#\/schema\/logo\/image\/"}}]}},"_links":{"self":[{"href":"https:\/\/magosu.es\/gl\/wp-json\/wp\/v2\/pages\/3917"}],"collection":[{"href":"https:\/\/magosu.es\/gl\/wp-json\/wp\/v2\/pages"}],"about":[{"href":"https:\/\/magosu.es\/gl\/wp-json\/wp\/v2\/types\/page"}],"author":[{"embeddable":true,"href":"https:\/\/magosu.es\/gl\/wp-json\/wp\/v2\/users\/1"}],"replies":[{"embeddable":true,"href":"https:\/\/magosu.es\/gl\/wp-json\/wp\/v2\/comments?post=3917"}],"version-history":[{"count":24,"href":"https:\/\/magosu.es\/gl\/wp-json\/wp\/v2\/pages\/3917\/revisions"}],"predecessor-version":[{"id":4243,"href":"https:\/\/magosu.es\/gl\/wp-json\/wp\/v2\/pages\/3917\/revisions\/4243"}],"wp:attachment":[{"href":"https:\/\/magosu.es\/gl\/wp-json\/wp\/v2\/media?parent=3917"}],"curies":[{"name":"wp","href":"https:\/\/api.w.org\/{rel}","templated":true}]}}